{"id":48,"date":"2021-03-15T14:35:13","date_gmt":"2021-03-15T17:35:13","guid":{"rendered":"http:\/\/novorumorh.com\/?page_id=48"},"modified":"2021-03-18T12:49:35","modified_gmt":"2021-03-18T15:49:35","slug":"quem-somos","status":"publish","type":"page","link":"https:\/\/novorumorh.com\/index.php\/quem-somos\/","title":{"rendered":"Quem Somos"},"content":{"rendered":"\n<h3 class=\"wp-block-heading\"><strong>Quem Somos<\/strong><\/h3>\n\n\n\n<p><\/p>\n\n\n\n<p class=\"has-text-align-center\">Novo Rumo RH, consultoria na \u00e1rea de Gest\u00e3o de R&amp;S, desde 2010 atuando como referencial, estabelecendo rela\u00e7\u00f5es marcadas pela qualidade, confian\u00e7a m\u00fatua, respeito, integridade e cumplicidade com nossos clientes. Visando atrelar tr\u00eas conceitos atuais e fundamentais para o desenvolvimento estrat\u00e9gico de qualquer empresa: <br><span class=\"has-inline-color has-luminous-vivid-orange-color\">Tecnologia + Processos Assertivos + Pessoas. <\/span><br>Promover essa parceria \u00e9 nosso diferencial! Seja voc\u00ea nosso parceiro!<\/p>\n\n\n\n<p><\/p>\n\n\n\n<p><\/p>\n\n\n\n<h3 class=\"wp-block-heading\"><strong>Nossa Vis\u00e3o<\/strong><\/h3>\n\n\n\n<p><\/p>\n\n\n\n<p class=\"has-text-align-center\">Recrutamento e Sele\u00e7\u00e3o e a pr\u00e1ticas de administra\u00e7\u00e3o de pessoas produzem excelentes resultados. Ao desenvolver isso, a empresa contribui para conquistar e reter talentos, al\u00e9m de aumentar a satisfa\u00e7\u00e3o dos colaboradores com seu trabalho. <br>Vale a pena recorrer a uma consultoria de gest\u00e3o de R&amp;S e garantir que a empresa esteja a par do que h\u00e1 de mais moderno no setor. <br>Uma consultoria em gest\u00e3o de pessoas \u00e9 um investimento e uma oportunidade fundamental de desenvolvimento n\u00e3o s\u00f3 da equipe, mas tamb\u00e9m, empresarial. As possibilidades s\u00e3o animadoras, n\u00e3o? <br>Conhe\u00e7a o que a Consultoria Novo Rumo RH pode fazer por sua empresa! <br>Seja nosso Parceiro e vamos potencializar a assertividade do seu processo seletivo. <\/p>\n","protected":false},"excerpt":{"rendered":"<p>Quem Somos Novo Rumo RH, consultoria na \u00e1rea de Gest\u00e3o de R&amp;S, desde 2010 atuando como referencial, estabelecendo rela\u00e7\u00f5es marcadas pela qualidade, confian\u00e7a m\u00fatua, respeito, integridade e cumplicidade com nossos clientes. Visando atrelar tr\u00eas conceitos atuais e fundamentais para o desenvolvimento estrat\u00e9gico de qualquer empresa: Tecnologia + Processos Assertivos + Pessoas. Promover essa parceria \u00e9 [&hellip;]<\/p>\n","protected":false},"author":1,"featured_media":128,"parent":0,"menu_order":0,"comment_status":"closed","ping_status":"closed","template":"","meta":{"spay_email":"","footnotes":""},"class_list":["post-48","page","type-page","status-publish","has-post-thumbnail","hentry"],"_links":{"self":[{"href":"https:\/\/novorumorh.com\/index.php\/wp-json\/wp\/v2\/pages\/48","targetHints":{"allow":["GET"]}}],"collection":[{"href":"https:\/\/novorumorh.com\/index.php\/wp-json\/wp\/v2\/pages"}],"about":[{"href":"https:\/\/novorumorh.com\/index.php\/wp-json\/wp\/v2\/types\/page"}],"author":[{"embeddable":true,"href":"https:\/\/novorumorh.com\/index.php\/wp-json\/wp\/v2\/users\/1"}],"replies":[{"embeddable":true,"href":"https:\/\/novorumorh.com\/index.php\/wp-json\/wp\/v2\/comments?post=48"}],"version-history":[{"count":9,"href":"https:\/\/novorumorh.com\/index.php\/wp-json\/wp\/v2\/pages\/48\/revisions"}],"predecessor-version":[{"id":136,"href":"https:\/\/novorumorh.com\/index.php\/wp-json\/wp\/v2\/pages\/48\/revisions\/136"}],"wp:featuredmedia":[{"embeddable":true,"href":"https:\/\/novorumorh.com\/index.php\/wp-json\/wp\/v2\/media\/128"}],"wp:attachment":[{"href":"https:\/\/novorumorh.com\/index.php\/wp-json\/wp\/v2\/media?parent=48"}],"curies":[{"name":"wp","href":"https:\/\/api.w.org\/{rel}","templated":true}]}}